{"id":135,"date":"2021-01-02T20:16:08","date_gmt":"2021-01-02T20:16:08","guid":{"rendered":"https:\/\/weser-imbiss.de\/?page_id=135"},"modified":"2026-02-08T16:59:42","modified_gmt":"2026-02-08T16:59:42","slug":"lecker-essen-und-trinken","status":"publish","type":"page","link":"https:\/\/weser-imbiss.de\/?page_id=135","title":{"rendered":"Lecker essen und trinken"},"content":{"rendered":"<p>Ob Bratwurst, Bismarckbr\u00f6tchen oder leckere Torte mit Kaffee sowie erfrischende Getr\u00e4nke und vieles mehr&#8230;<\/p>\n<p style=\"text-align: center;\">Mit Ihrer Pause bei uns tanken Sie neue Kraft.<\/p>\n<p style=\"text-align: left;\">Lassen Sie sich verw\u00f6hnen.<\/p>\n<p><img loading=\"lazy\" decoding=\"async\" class=\"alignnone size-full wp-image-479\" src=\"https:\/\/weser-imbiss.de\/wp-content\/uploads\/2026\/02\/10_krak014-300x170-1.png\" alt=\"\" width=\"300\" height=\"170\" \/><img loading=\"lazy\" decoding=\"async\" class=\"alignnone size-full wp-image-475\" src=\"https:\/\/weser-imbiss.de\/wp-content\/uploads\/2026\/02\/10_brat024.png\" alt=\"\" width=\"278\" height=\"164\" \/><img loading=\"lazy\" decoding=\"async\" class=\"alignnone size-full wp-image-477\" src=\"https:\/\/weser-imbiss.de\/wp-content\/uploads\/2026\/02\/10_fisch024-300x224-1.png\" alt=\"\" width=\"300\" height=\"224\" \/>\u00a0<img loading=\"lazy\" decoding=\"async\" class=\"alignnone size-full wp-image-476\" src=\"https:\/\/weser-imbiss.de\/wp-content\/uploads\/2026\/02\/10_fisch014-300x240-1.png\" alt=\"\" width=\"300\" height=\"240\" \/>\u00a0<img loading=\"lazy\" decoding=\"async\" class=\"alignnone size-full wp-image-481\" src=\"https:\/\/weser-imbiss.de\/wp-content\/uploads\/2026\/02\/10_torte044-300x225-1.png\" alt=\"\" width=\"300\" height=\"225\" \/>\u00a0<img loading=\"lazy\" decoding=\"async\" class=\"alignnone size-full wp-image-480\" src=\"https:\/\/weser-imbiss.de\/wp-content\/uploads\/2026\/02\/10_torte034-300x243-1.png\" alt=\"\" width=\"300\" height=\"243\" \/><\/p>\n<p><img loading=\"lazy\" decoding=\"async\" class=\"size-medium wp-image-472 aligncenter\" src=\"https:\/\/weser-imbiss.de\/wp-content\/uploads\/2026\/02\/IMG-20250124-WA0019-225x300.jpg\" alt=\"\" width=\"225\" height=\"300\" srcset=\"https:\/\/weser-imbiss.de\/wp-content\/uploads\/2026\/02\/IMG-20250124-WA0019-225x300.jpg 225w, https:\/\/weser-imbiss.de\/wp-content\/uploads\/2026\/02\/IMG-20250124-WA0019-768x1024.jpg 768w, https:\/\/weser-imbiss.de\/wp-content\/uploads\/2026\/02\/IMG-20250124-WA0019-1152x1536.jpg 1152w, https:\/\/weser-imbiss.de\/wp-content\/uploads\/2026\/02\/IMG-20250124-WA0019.jpg 1536w\" sizes=\"auto, (max-width: 225px) 100vw, 225px\" \/><\/p>\n","protected":false},"excerpt":{"rendered":"<p>Ob Bratwurst, Bismarckbr\u00f6tchen oder leckere Torte mit Kaffee sowie erfrischende Getr\u00e4nke und vieles mehr&#8230; Mit Ihrer Pause bei uns tanken Sie neue Kraft. Lassen Sie sich verw\u00f6hnen. \u00a0\u00a0\u00a0<\/p>\n","protected":false},"author":1,"featured_media":0,"parent":0,"menu_order":0,"comment_status":"closed","ping_status":"closed","template":"","meta":{"footnotes":""},"class_list":["post-135","page","type-page","status-publish","hentry"],"yoast_head":"<!-- This site is optimized with the Yoast SEO plugin v27.5 - https:\/\/yoast.com\/product\/yoast-seo-wordpress\/ -->\n<title>Lecker essen und trinken - Weser-Imbiss<\/title>\n<meta name=\"robots\" content=\"index, follow, max-snippet:-1, max-image-preview:large, max-video-preview:-1\" \/>\n<link rel=\"canonical\" href=\"https:\/\/weser-imbiss.de\/?page_id=135\" \/>\n<meta property=\"og:locale\" content=\"de_DE\" \/>\n<meta property=\"og:type\" content=\"article\" \/>\n<meta property=\"og:title\" content=\"Lecker essen und trinken - Weser-Imbiss\" \/>\n<meta property=\"og:description\" content=\"Ob Bratwurst, Bismarckbr\u00f6tchen oder leckere Torte mit Kaffee sowie erfrischende Getr\u00e4nke und vieles mehr&#8230; Mit Ihrer Pause bei uns tanken Sie neue Kraft. Lassen Sie sich verw\u00f6hnen. \u00a0\u00a0\u00a0\" \/>\n<meta property=\"og:url\" content=\"https:\/\/weser-imbiss.de\/?page_id=135\" \/>\n<meta property=\"og:site_name\" content=\"Weser-Imbiss\" \/>\n<meta property=\"article:modified_time\" content=\"2026-02-08T16:59:42+00:00\" \/>\n<meta property=\"og:image\" content=\"https:\/\/weser-imbiss.de\/wp-content\/uploads\/2026\/02\/10_krak014-300x170-1.png\" \/>\n\t<meta property=\"og:image:width\" content=\"300\" \/>\n\t<meta property=\"og:image:height\" content=\"170\" \/>\n\t<meta property=\"og:image:type\" content=\"image\/png\" \/>\n<meta name=\"twitter:card\" content=\"summary_large_image\" \/>\n<meta name=\"twitter:label1\" content=\"Gesch\u00e4tzte Lesezeit\" \/>\n\t<meta name=\"twitter:data1\" content=\"2\u00a0Minuten\" \/>\n<script type=\"application\/ld+json\" class=\"yoast-schema-graph\">{\"@context\":\"https:\\\/\\\/schema.org\",\"@graph\":[{\"@type\":\"WebPage\",\"@id\":\"https:\\\/\\\/weser-imbiss.de\\\/?page_id=135\",\"url\":\"https:\\\/\\\/weser-imbiss.de\\\/?page_id=135\",\"name\":\"Lecker essen und trinken - Weser-Imbiss\",\"isPartOf\":{\"@id\":\"https:\\\/\\\/weser-imbiss.de\\\/#website\"},\"primaryImageOfPage\":{\"@id\":\"https:\\\/\\\/weser-imbiss.de\\\/?page_id=135#primaryimage\"},\"image\":{\"@id\":\"https:\\\/\\\/weser-imbiss.de\\\/?page_id=135#primaryimage\"},\"thumbnailUrl\":\"https:\\\/\\\/weser-imbiss.de\\\/wp-content\\\/uploads\\\/2026\\\/02\\\/10_krak014-300x170-1.png\",\"datePublished\":\"2021-01-02T20:16:08+00:00\",\"dateModified\":\"2026-02-08T16:59:42+00:00\",\"breadcrumb\":{\"@id\":\"https:\\\/\\\/weser-imbiss.de\\\/?page_id=135#breadcrumb\"},\"inLanguage\":\"de\",\"potentialAction\":[{\"@type\":\"ReadAction\",\"target\":[\"https:\\\/\\\/weser-imbiss.de\\\/?page_id=135\"]}]},{\"@type\":\"ImageObject\",\"inLanguage\":\"de\",\"@id\":\"https:\\\/\\\/weser-imbiss.de\\\/?page_id=135#primaryimage\",\"url\":\"https:\\\/\\\/weser-imbiss.de\\\/wp-content\\\/uploads\\\/2026\\\/02\\\/10_krak014-300x170-1.png\",\"contentUrl\":\"https:\\\/\\\/weser-imbiss.de\\\/wp-content\\\/uploads\\\/2026\\\/02\\\/10_krak014-300x170-1.png\",\"width\":300,\"height\":170},{\"@type\":\"BreadcrumbList\",\"@id\":\"https:\\\/\\\/weser-imbiss.de\\\/?page_id=135#breadcrumb\",\"itemListElement\":[{\"@type\":\"ListItem\",\"position\":1,\"name\":\"Start\",\"item\":\"https:\\\/\\\/weser-imbiss.de\\\/\"},{\"@type\":\"ListItem\",\"position\":2,\"name\":\"Lecker essen und trinken\"}]},{\"@type\":\"WebSite\",\"@id\":\"https:\\\/\\\/weser-imbiss.de\\\/#website\",\"url\":\"https:\\\/\\\/weser-imbiss.de\\\/\",\"name\":\"Weser-Imbiss\",\"description\":\"Lecker essen und trinken - Erholung pur inklusive\",\"publisher\":{\"@id\":\"https:\\\/\\\/weser-imbiss.de\\\/#organization\"},\"potentialAction\":[{\"@type\":\"SearchAction\",\"target\":{\"@type\":\"EntryPoint\",\"urlTemplate\":\"https:\\\/\\\/weser-imbiss.de\\\/?s={search_term_string}\"},\"query-input\":{\"@type\":\"PropertyValueSpecification\",\"valueRequired\":true,\"valueName\":\"search_term_string\"}}],\"inLanguage\":\"de\"},{\"@type\":\"Organization\",\"@id\":\"https:\\\/\\\/weser-imbiss.de\\\/#organization\",\"name\":\"Weser-Imbiss\",\"url\":\"https:\\\/\\\/weser-imbiss.de\\\/\",\"logo\":{\"@type\":\"ImageObject\",\"inLanguage\":\"de\",\"@id\":\"https:\\\/\\\/weser-imbiss.de\\\/#\\\/schema\\\/logo\\\/image\\\/\",\"url\":\"https:\\\/\\\/weser-imbiss.de\\\/wp-content\\\/uploads\\\/2024\\\/08\\\/cropped-wi-75.png\",\"contentUrl\":\"https:\\\/\\\/weser-imbiss.de\\\/wp-content\\\/uploads\\\/2024\\\/08\\\/cropped-wi-75.png\",\"width\":2000,\"height\":1186,\"caption\":\"Weser-Imbiss\"},\"image\":{\"@id\":\"https:\\\/\\\/weser-imbiss.de\\\/#\\\/schema\\\/logo\\\/image\\\/\"}}]}<\/script>\n<!-- \/ Yoast SEO plugin. -->","yoast_head_json":{"title":"Lecker essen und trinken - Weser-Imbiss","robots":{"index":"index","follow":"follow","max-snippet":"max-snippet:-1","max-image-preview":"max-image-preview:large","max-video-preview":"max-video-preview:-1"},"canonical":"https:\/\/weser-imbiss.de\/?page_id=135","og_locale":"de_DE","og_type":"article","og_title":"Lecker essen und trinken - Weser-Imbiss","og_description":"Ob Bratwurst, Bismarckbr\u00f6tchen oder leckere Torte mit Kaffee sowie erfrischende Getr\u00e4nke und vieles mehr&#8230; Mit Ihrer Pause bei uns tanken Sie neue Kraft. Lassen Sie sich verw\u00f6hnen. \u00a0\u00a0\u00a0","og_url":"https:\/\/weser-imbiss.de\/?page_id=135","og_site_name":"Weser-Imbiss","article_modified_time":"2026-02-08T16:59:42+00:00","og_image":[{"width":300,"height":170,"url":"https:\/\/weser-imbiss.de\/wp-content\/uploads\/2026\/02\/10_krak014-300x170-1.png","type":"image\/png"}],"twitter_card":"summary_large_image","twitter_misc":{"Gesch\u00e4tzte Lesezeit":"2\u00a0Minuten"},"schema":{"@context":"https:\/\/schema.org","@graph":[{"@type":"WebPage","@id":"https:\/\/weser-imbiss.de\/?page_id=135","url":"https:\/\/weser-imbiss.de\/?page_id=135","name":"Lecker essen und trinken - Weser-Imbiss","isPartOf":{"@id":"https:\/\/weser-imbiss.de\/#website"},"primaryImageOfPage":{"@id":"https:\/\/weser-imbiss.de\/?page_id=135#primaryimage"},"image":{"@id":"https:\/\/weser-imbiss.de\/?page_id=135#primaryimage"},"thumbnailUrl":"https:\/\/weser-imbiss.de\/wp-content\/uploads\/2026\/02\/10_krak014-300x170-1.png","datePublished":"2021-01-02T20:16:08+00:00","dateModified":"2026-02-08T16:59:42+00:00","breadcrumb":{"@id":"https:\/\/weser-imbiss.de\/?page_id=135#breadcrumb"},"inLanguage":"de","potentialAction":[{"@type":"ReadAction","target":["https:\/\/weser-imbiss.de\/?page_id=135"]}]},{"@type":"ImageObject","inLanguage":"de","@id":"https:\/\/weser-imbiss.de\/?page_id=135#primaryimage","url":"https:\/\/weser-imbiss.de\/wp-content\/uploads\/2026\/02\/10_krak014-300x170-1.png","contentUrl":"https:\/\/weser-imbiss.de\/wp-content\/uploads\/2026\/02\/10_krak014-300x170-1.png","width":300,"height":170},{"@type":"BreadcrumbList","@id":"https:\/\/weser-imbiss.de\/?page_id=135#breadcrumb","itemListElement":[{"@type":"ListItem","position":1,"name":"Start","item":"https:\/\/weser-imbiss.de\/"},{"@type":"ListItem","position":2,"name":"Lecker essen und trinken"}]},{"@type":"WebSite","@id":"https:\/\/weser-imbiss.de\/#website","url":"https:\/\/weser-imbiss.de\/","name":"Weser-Imbiss","description":"Lecker essen und trinken - Erholung pur inklusive","publisher":{"@id":"https:\/\/weser-imbiss.de\/#organization"},"potentialAction":[{"@type":"SearchAction","target":{"@type":"EntryPoint","urlTemplate":"https:\/\/weser-imbiss.de\/?s={search_term_string}"},"query-input":{"@type":"PropertyValueSpecification","valueRequired":true,"valueName":"search_term_string"}}],"inLanguage":"de"},{"@type":"Organization","@id":"https:\/\/weser-imbiss.de\/#organization","name":"Weser-Imbiss","url":"https:\/\/weser-imbiss.de\/","logo":{"@type":"ImageObject","inLanguage":"de","@id":"https:\/\/weser-imbiss.de\/#\/schema\/logo\/image\/","url":"https:\/\/weser-imbiss.de\/wp-content\/uploads\/2024\/08\/cropped-wi-75.png","contentUrl":"https:\/\/weser-imbiss.de\/wp-content\/uploads\/2024\/08\/cropped-wi-75.png","width":2000,"height":1186,"caption":"Weser-Imbiss"},"image":{"@id":"https:\/\/weser-imbiss.de\/#\/schema\/logo\/image\/"}}]}},"_links":{"self":[{"href":"https:\/\/weser-imbiss.de\/index.php?rest_route=\/wp\/v2\/pages\/135","targetHints":{"allow":["GET"]}}],"collection":[{"href":"https:\/\/weser-imbiss.de\/index.php?rest_route=\/wp\/v2\/pages"}],"about":[{"href":"https:\/\/weser-imbiss.de\/index.php?rest_route=\/wp\/v2\/types\/page"}],"author":[{"embeddable":true,"href":"https:\/\/weser-imbiss.de\/index.php?rest_route=\/wp\/v2\/users\/1"}],"replies":[{"embeddable":true,"href":"https:\/\/weser-imbiss.de\/index.php?rest_route=%2Fwp%2Fv2%2Fcomments&post=135"}],"version-history":[{"count":17,"href":"https:\/\/weser-imbiss.de\/index.php?rest_route=\/wp\/v2\/pages\/135\/revisions"}],"predecessor-version":[{"id":483,"href":"https:\/\/weser-imbiss.de\/index.php?rest_route=\/wp\/v2\/pages\/135\/revisions\/483"}],"wp:attachment":[{"href":"https:\/\/weser-imbiss.de\/index.php?rest_route=%2Fwp%2Fv2%2Fmedia&parent=135"}],"curies":[{"name":"wp","href":"https:\/\/api.w.org\/{rel}","templated":true}]}}